{"id":1455,"date":"2025-07-23T14:16:09","date_gmt":"2025-07-23T14:16:09","guid":{"rendered":"https:\/\/fotografia-krakow.com\/?page_id=1455"},"modified":"2025-07-23T15:05:18","modified_gmt":"2025-07-23T15:05:18","slug":"opinie","status":"publish","type":"page","link":"https:\/\/fotografia-krakow.com\/index.php\/opinie\/","title":{"rendered":"Opinie"},"content":{"rendered":"\n<p>Zweryfikowane opinie z portalu Wesele z Klas\u0105 <\/p>\n\n\n\n<div style=\"width:1000px;max-width:100%;border-radius:8px;box-shadow: 0 1px 6px #B8C5D366;overflow:hidden;\" class=\"wzk-widget iframe-height\" data-wzk-widget-type=\"type1\" data-wzk-notice=\"38196\"><div style=\"background-color:#F5F6FA;text-align:center;padding:16px;font-size:12px;line-height:12px;\"><a class=\"wzk-accent-color\" title=\"Majewscy Foto Film Studio\" href=\"https:\/\/www.weselezklasa.pl\/ogloszenia-weselne\/fotografia-slubna-wolne-te,38196\/#opinie\" rel=\"nofollow\" target=\"_blank\" style=\"color:currentColor;text-decoration:none;\">Majewscy Foto Film Studio<\/a><img decoding=\"async\" style=\"margin:8px auto 0;display:block\" src=\"https:\/\/widgets.4wzk.pl\/dist\/img\/footer-logo.svg\" alt=\"Wesele z klas\u0105\"><\/div><\/div><script src=\"https:\/\/widgets.4wzk.pl\/dist\/js\/widget.js\" defer=\"true\"><\/script>\n\n\n\n<p><\/p>\n\n\n\n<h2 class=\"wp-block-heading has-text-align-center\"><em>Wasze zadowolenie to nasza najwi\u0119ksza motywacja. Dzi\u0119kujemy, \u017ce dzielicie si\u0119 swoimi wra\u017ceniami \u2013 ka\u017cda opinia to dla nas ogromna rado\u015b\u0107 i dow\u00f3d, \u017ce warto robi\u0107 to, co kochamy.<\/em><\/h2>\n","protected":false},"excerpt":{"rendered":"<p>Zweryfikowane opinie z portalu Wesele z Klas\u0105 Majewscy Foto Film Studio Wasze zadowolenie to nasza najwi\u0119ksza motywacja. Dzi\u0119kujemy, \u017ce dzielicie [&hellip;]<\/p>\n","protected":false},"author":1,"featured_media":0,"parent":0,"menu_order":0,"comment_status":"closed","ping_status":"closed","template":"","meta":{"site-sidebar-layout":"default","site-content-layout":"","ast-site-content-layout":"default","site-content-style":"default","site-sidebar-style":"default","ast-global-header-display":"","ast-banner-title-visibility":"","ast-main-header-display":"","ast-hfb-above-header-display":"","ast-hfb-below-header-display":"","ast-hfb-mobile-header-display":"","site-post-title":"","ast-breadcrumbs-content":"","ast-featured-img":"","footer-sml-layout":"","theme-transparent-header-meta":"","adv-header-id-meta":"","stick-header-meta":"","header-above-stick-meta":"","header-main-stick-meta":"","header-below-stick-meta":"","astra-migrate-meta-layouts":"default","ast-page-background-enabled":"default","ast-page-background-meta":{"desktop":{"background-color":"var(--ast-global-color-5)","background-image":"","background-repeat":"repeat","background-position":"center center","background-size":"auto","background-attachment":"scroll","background-type":"","background-media":"","overlay-type":"","overlay-color":"","overlay-opacity":"","overlay-gradient":""},"tablet":{"background-color":"","background-image":"","background-repeat":"repeat","background-position":"center center","background-size":"auto","background-attachment":"scroll","background-type":"","background-media":"","overlay-type":"","overlay-color":"","overlay-opacity":"","overlay-gradient":""},"mobile":{"background-color":"","background-image":"","background-repeat":"repeat","background-position":"center center","background-size":"auto","background-attachment":"scroll","background-type":"","background-media":"","overlay-type":"","overlay-color":"","overlay-opacity":"","overlay-gradient":""}},"ast-content-background-meta":{"desktop":{"background-color":"var(--ast-global-color-4)","background-image":"","background-repeat":"repeat","background-position":"center center","background-size":"auto","background-attachment":"scroll","background-type":"","background-media":"","overlay-type":"","overlay-color":"","overlay-opacity":"","overlay-gradient":""},"tablet":{"background-color":"var(--ast-global-color-4)","background-image":"","background-repeat":"repeat","background-position":"center center","background-size":"auto","background-attachment":"scroll","background-type":"","background-media":"","overlay-type":"","overlay-color":"","overlay-opacity":"","overlay-gradient":""},"mobile":{"background-color":"var(--ast-global-color-4)","background-image":"","background-repeat":"repeat","background-position":"center center","background-size":"auto","background-attachment":"scroll","background-type":"","background-media":"","overlay-type":"","overlay-color":"","overlay-opacity":"","overlay-gradient":""}},"ngg_post_thumbnail":0,"_themeisle_gutenberg_block_has_review":false,"footnotes":""},"class_list":["post-1455","page","type-page","status-publish","hentry"],"_links":{"self":[{"href":"https:\/\/fotografia-krakow.com\/index.php\/wp-json\/wp\/v2\/pages\/1455","targetHints":{"allow":["GET"]}}],"collection":[{"href":"https:\/\/fotografia-krakow.com\/index.php\/wp-json\/wp\/v2\/pages"}],"about":[{"href":"https:\/\/fotografia-krakow.com\/index.php\/wp-json\/wp\/v2\/types\/page"}],"author":[{"embeddable":true,"href":"https:\/\/fotografia-krakow.com\/index.php\/wp-json\/wp\/v2\/users\/1"}],"replies":[{"embeddable":true,"href":"https:\/\/fotografia-krakow.com\/index.php\/wp-json\/wp\/v2\/comments?post=1455"}],"version-history":[{"count":9,"href":"https:\/\/fotografia-krakow.com\/index.php\/wp-json\/wp\/v2\/pages\/1455\/revisions"}],"predecessor-version":[{"id":1469,"href":"https:\/\/fotografia-krakow.com\/index.php\/wp-json\/wp\/v2\/pages\/1455\/revisions\/1469"}],"wp:attachment":[{"href":"https:\/\/fotografia-krakow.com\/index.php\/wp-json\/wp\/v2\/media?parent=1455"}],"curies":[{"name":"wp","href":"https:\/\/api.w.org\/{rel}","templated":true}]}}